{"id":1135,"date":"2020-03-12T21:12:19","date_gmt":"2020-03-13T02:12:19","guid":{"rendered":"https:\/\/cicloenergetico.com.co\/co\/?post_type=product&#038;p=1135"},"modified":"2020-04-30T14:22:58","modified_gmt":"2020-04-30T19:22:58","slug":"montaje-y-mantenimiento-de-iluminacion","status":"publish","type":"product","link":"https:\/\/www.cicloenergetico.com.co\/?product=montaje-y-mantenimiento-de-iluminacion","title":{"rendered":"Montaje y mantenimiento de iluminaci\u00f3n"},"content":{"rendered":"<p>Para iluminar espacios abiertos o cerrados sin la necesidad de usar la corriente el\u00e9ctrica ni instalar ning\u00fan tipo de cableado.<br \/>\nLas aplicaciones residenciales m\u00e1s comunes de las l\u00e1mparas solares son para iluminar el jard\u00edn y\/o el patio, as\u00ed como exteriores.<br \/>\nFuera de los hogares, se usan principalmente en estacionamientos, alumbrado p\u00fablico y equipamiento para campamentos y otros lugares remotos.<\/p>\n","protected":false},"excerpt":{"rendered":"<p>Para iluminar espacios abiertos o cerrados sin la necesidad de usar la corriente el\u00e9ctrica ni instalar ning\u00fan tipo de cableado. Las aplicaciones residenciales m\u00e1s comunes de las l\u00e1mparas solares son para iluminar el jard\u00edn y\/o el patio, as\u00ed como exteriores. Fuera de los hogares, se usan principalmente en estacionamientos, alumbrado p\u00fablico y equipamiento para campamentos [&hellip;]<\/p>\n","protected":false},"featured_media":1226,"comment_status":"closed","ping_status":"closed","template":"","meta":[],"_links":{"self":[{"href":"https:\/\/www.cicloenergetico.com.co\/index.php?rest_route=\/wp\/v2\/product\/1135"}],"collection":[{"href":"https:\/\/www.cicloenergetico.com.co\/index.php?rest_route=\/wp\/v2\/product"}],"about":[{"href":"https:\/\/www.cicloenergetico.com.co\/index.php?rest_route=\/wp\/v2\/types\/product"}],"replies":[{"embeddable":true,"href":"https:\/\/www.cicloenergetico.com.co\/index.php?rest_route=%2Fwp%2Fv2%2Fcomments&post=1135"}],"wp:featuredmedia":[{"embeddable":true,"href":"https:\/\/www.cicloenergetico.com.co\/index.php?rest_route=\/wp\/v2\/media\/1226"}],"wp:attachment":[{"href":"https:\/\/www.cicloenergetico.com.co\/index.php?rest_route=%2Fwp%2Fv2%2Fmedia&parent=1135"}],"curies":[{"name":"wp","href":"https:\/\/api.w.org\/{rel}","templated":true}]}}