{"id":1134,"date":"2020-03-12T21:11:46","date_gmt":"2020-03-13T02:11:46","guid":{"rendered":"https:\/\/cicloenergetico.com.co\/co\/?post_type=product&#038;p=1134"},"modified":"2020-04-30T14:23:07","modified_gmt":"2020-04-30T19:23:07","slug":"optimizacion-de-consumo-electrico-mediante-instalacion-de-paneles-solares","status":"publish","type":"product","link":"https:\/\/www.cicloenergetico.com.co\/?product=optimizacion-de-consumo-electrico-mediante-instalacion-de-paneles-solares","title":{"rendered":"Optimizaci\u00f3n de consumo el\u00e9ctrico, mediante instalaci\u00f3n de paneles solares"},"content":{"rendered":"<p>Un panel solar, placa solar o m\u00f3dulo solar es un dispositivo que capta la energ\u00eda de la radiaci\u00f3n solar para su aprovechamiento. El t\u00e9rmino comprende a los colectores solares, utilizados usualmente para producir agua caliente dom\u00e9stica mediante energ\u00eda solar t\u00e9rmica, y a los paneles fotovoltaicos, utilizados para generar electricidad mediante energ\u00eda solar fotovoltaica.<\/p>\n","protected":false},"excerpt":{"rendered":"<p>Un panel solar, placa solar o m\u00f3dulo solar es un dispositivo que capta la energ\u00eda de la radiaci\u00f3n solar para su aprovechamiento. El t\u00e9rmino comprende a los colectores solares, utilizados usualmente para producir agua caliente dom\u00e9stica mediante energ\u00eda solar t\u00e9rmica, y a los paneles fotovoltaicos, utilizados para generar electricidad mediante energ\u00eda solar fotovoltaica.<\/p>\n","protected":false},"featured_media":0,"comment_status":"closed","ping_status":"closed","template":"","meta":[],"_links":{"self":[{"href":"https:\/\/www.cicloenergetico.com.co\/index.php?rest_route=\/wp\/v2\/product\/1134"}],"collection":[{"href":"https:\/\/www.cicloenergetico.com.co\/index.php?rest_route=\/wp\/v2\/product"}],"about":[{"href":"https:\/\/www.cicloenergetico.com.co\/index.php?rest_route=\/wp\/v2\/types\/product"}],"replies":[{"embeddable":true,"href":"https:\/\/www.cicloenergetico.com.co\/index.php?rest_route=%2Fwp%2Fv2%2Fcomments&post=1134"}],"wp:attachment":[{"href":"https:\/\/www.cicloenergetico.com.co\/index.php?rest_route=%2Fwp%2Fv2%2Fmedia&parent=1134"}],"curies":[{"name":"wp","href":"https:\/\/api.w.org\/{rel}","templated":true}]}}