{"id":1132,"date":"2020-03-12T21:04:00","date_gmt":"2020-03-13T02:04:00","guid":{"rendered":"https:\/\/cicloenergetico.com.co\/co\/?post_type=product&#038;p=1132"},"modified":"2020-04-30T14:23:26","modified_gmt":"2020-04-30T19:23:26","slug":"diseno-instalacion-y-mantenimiento-de-sistemas-de-calefaccion","status":"publish","type":"product","link":"https:\/\/www.cicloenergetico.com.co\/?product=diseno-instalacion-y-mantenimiento-de-sistemas-de-calefaccion","title":{"rendered":"Dise\u00f1o, instalaci\u00f3n y mantenimiento de sistemas de calefacci\u00f3n"},"content":{"rendered":"<p>Ante la llegada del fr\u00edo, es importante que nuestro hogar cuente con un buen sistema de calefacci\u00f3n, y la instalaci\u00f3n de un sistema u otro es algo a tener muy en cuenta si se va a hacer una reforma (si no est\u00e1s muy seguro, siempre puedes solicitar consejo a los expertos de una empresa de reformas, como es el caso del equipo de Reformad\u00edsimo).<\/p>\n","protected":false},"excerpt":{"rendered":"<p>Ante la llegada del fr\u00edo, es importante que nuestro hogar cuente con un buen sistema de calefacci\u00f3n, y la instalaci\u00f3n de un sistema u otro es algo a tener muy en cuenta si se va a hacer una reforma (si no est\u00e1s muy seguro, siempre puedes solicitar consejo a los expertos de una empresa de [&hellip;]<\/p>\n","protected":false},"featured_media":1207,"comment_status":"closed","ping_status":"closed","template":"","meta":[],"_links":{"self":[{"href":"https:\/\/www.cicloenergetico.com.co\/index.php?rest_route=\/wp\/v2\/product\/1132"}],"collection":[{"href":"https:\/\/www.cicloenergetico.com.co\/index.php?rest_route=\/wp\/v2\/product"}],"about":[{"href":"https:\/\/www.cicloenergetico.com.co\/index.php?rest_route=\/wp\/v2\/types\/product"}],"replies":[{"embeddable":true,"href":"https:\/\/www.cicloenergetico.com.co\/index.php?rest_route=%2Fwp%2Fv2%2Fcomments&post=1132"}],"wp:featuredmedia":[{"embeddable":true,"href":"https:\/\/www.cicloenergetico.com.co\/index.php?rest_route=\/wp\/v2\/media\/1207"}],"wp:attachment":[{"href":"https:\/\/www.cicloenergetico.com.co\/index.php?rest_route=%2Fwp%2Fv2%2Fmedia&parent=1132"}],"curies":[{"name":"wp","href":"https:\/\/api.w.org\/{rel}","templated":true}]}}