{"id":1130,"date":"2020-03-12T21:02:59","date_gmt":"2020-03-13T02:02:59","guid":{"rendered":"https:\/\/cicloenergetico.com.co\/co\/?post_type=product&#038;p=1130"},"modified":"2020-04-30T14:23:49","modified_gmt":"2020-04-30T19:23:49","slug":"levantamiento-de-planos-mecanicos-e-implementacion-de-realidad-aumentada","status":"publish","type":"product","link":"https:\/\/www.cicloenergetico.com.co\/?product=levantamiento-de-planos-mecanicos-e-implementacion-de-realidad-aumentada","title":{"rendered":"Levantamiento de planos mec\u00e1nicos e implementaci\u00f3n de realidad aumentada"},"content":{"rendered":"<p>Se emplea en la representaci\u00f3n de piezas o partes de m\u00e1quinas, maquinarias, veh\u00edculos como gr\u00faas y motos, aviones, helic\u00f3pteros y m\u00e1quinas industriales. Los planos que representan un mecanismo simple o una m\u00e1quina formada por un conjunto de piezas, son llamados planos de conjunto; y los que representa un s\u00f3lo elemento, plano de pieza. Los que representan un conjunto de piezas con las indicaciones gr\u00e1ficas para su colocaci\u00f3n, y armar un todo, son llamados planos de montaje.<\/p>\n<p>La realidad aumentada (RA) es el t\u00e9rmino que se usa para describir al conjunto de tecnolog\u00edas que permiten que un usuario visualice parte del mundo real a trav\u00e9s de un dispositivo tecnol\u00f3gico con informaci\u00f3n gr\u00e1fica a\u00f1adida por este. El dispositivo, o conjunto de dispositivos, a\u00f1aden informaci\u00f3n virtual a la informaci\u00f3n f\u00edsica ya existente, es decir, una parte virtual aparece en la realidad. De esta manera los elementos f\u00edsicos tangibles se combinan con elementos virtuales, creando as\u00ed una realidad aumentada en tiempo real.<\/p>\n","protected":false},"excerpt":{"rendered":"<p>Se emplea en la representaci\u00f3n de piezas o partes de m\u00e1quinas, maquinarias, veh\u00edculos como gr\u00faas y motos, aviones, helic\u00f3pteros y m\u00e1quinas industriales. Los planos que representan un mecanismo simple o una m\u00e1quina formada por un conjunto de piezas, son llamados planos de conjunto; y los que representa un s\u00f3lo elemento, plano de pieza. Los que [&hellip;]<\/p>\n","protected":false},"featured_media":1237,"comment_status":"closed","ping_status":"closed","template":"","meta":[],"_links":{"self":[{"href":"https:\/\/www.cicloenergetico.com.co\/index.php?rest_route=\/wp\/v2\/product\/1130"}],"collection":[{"href":"https:\/\/www.cicloenergetico.com.co\/index.php?rest_route=\/wp\/v2\/product"}],"about":[{"href":"https:\/\/www.cicloenergetico.com.co\/index.php?rest_route=\/wp\/v2\/types\/product"}],"replies":[{"embeddable":true,"href":"https:\/\/www.cicloenergetico.com.co\/index.php?rest_route=%2Fwp%2Fv2%2Fcomments&post=1130"}],"wp:featuredmedia":[{"embeddable":true,"href":"https:\/\/www.cicloenergetico.com.co\/index.php?rest_route=\/wp\/v2\/media\/1237"}],"wp:attachment":[{"href":"https:\/\/www.cicloenergetico.com.co\/index.php?rest_route=%2Fwp%2Fv2%2Fmedia&parent=1130"}],"curies":[{"name":"wp","href":"https:\/\/api.w.org\/{rel}","templated":true}]}}