{"id":1128,"date":"2020-03-12T20:59:05","date_gmt":"2020-03-13T01:59:05","guid":{"rendered":"https:\/\/cicloenergetico.com.co\/co\/?post_type=product&#038;p=1128"},"modified":"2020-04-30T14:16:54","modified_gmt":"2020-04-30T19:16:54","slug":"diseno-de-planos-montaje-y-puesta-a-punto-de-sistemas-neumaticos-e-hidraulicos","status":"publish","type":"product","link":"https:\/\/www.cicloenergetico.com.co\/?product=diseno-de-planos-montaje-y-puesta-a-punto-de-sistemas-neumaticos-e-hidraulicos","title":{"rendered":"Dise\u00f1o de planos, montaje y puesta a punto de sistemas neum\u00e1ticos e hidr\u00e1ulicos"},"content":{"rendered":"<p>Los sistemas neum\u00e1ticos son sistemas que utilizan el aire u otro gas como me\u00addio para la transmisi\u00f3n de se\u00f1ales y\/o potencia. Dentro del campo de la neum\u00e1tica la tec\u00adnolog\u00eda se ocupa, sobre todo, de la aplicaci\u00f3n del aire comprimido en la automatizaci\u00f3n industrial (ensamblado, empaquetado, etc.)<\/p>\n<p>Los fluidos, ya sean l\u00edquidos o gases son importantes medios para transmitir se\u00f1ales y\/o potencias, y tienen un amplio campo de aplicaci\u00f3n en las estructuras pro\u00adductivas. Los sistemas en el que el fluido puesto en juego es un l\u00edquido se llaman sis\u00adtemas hidr\u00e1ulicos<br \/>\nhttp:\/\/www.tecnologia-tecnica.com.ar\/index_archivos\/Page4697.htm<\/p>\n","protected":false},"excerpt":{"rendered":"<p>Los sistemas neum\u00e1ticos son sistemas que utilizan el aire u otro gas como me\u00addio para la transmisi\u00f3n de se\u00f1ales y\/o potencia. Dentro del campo de la neum\u00e1tica la tec\u00adnolog\u00eda se ocupa, sobre todo, de la aplicaci\u00f3n del aire comprimido en la automatizaci\u00f3n industrial (ensamblado, empaquetado, etc.) Los fluidos, ya sean l\u00edquidos o gases son importantes [&hellip;]<\/p>\n","protected":false},"featured_media":1247,"comment_status":"closed","ping_status":"closed","template":"","meta":[],"_links":{"self":[{"href":"https:\/\/www.cicloenergetico.com.co\/index.php?rest_route=\/wp\/v2\/product\/1128"}],"collection":[{"href":"https:\/\/www.cicloenergetico.com.co\/index.php?rest_route=\/wp\/v2\/product"}],"about":[{"href":"https:\/\/www.cicloenergetico.com.co\/index.php?rest_route=\/wp\/v2\/types\/product"}],"replies":[{"embeddable":true,"href":"https:\/\/www.cicloenergetico.com.co\/index.php?rest_route=%2Fwp%2Fv2%2Fcomments&post=1128"}],"wp:featuredmedia":[{"embeddable":true,"href":"https:\/\/www.cicloenergetico.com.co\/index.php?rest_route=\/wp\/v2\/media\/1247"}],"wp:attachment":[{"href":"https:\/\/www.cicloenergetico.com.co\/index.php?rest_route=%2Fwp%2Fv2%2Fmedia&parent=1128"}],"curies":[{"name":"wp","href":"https:\/\/api.w.org\/{rel}","templated":true}]}}