{"id":1125,"date":"2020-03-12T17:57:33","date_gmt":"2020-03-12T22:57:33","guid":{"rendered":"https:\/\/cicloenergetico.com.co\/co\/?post_type=product&#038;p=1125"},"modified":"2020-04-30T14:19:40","modified_gmt":"2020-04-30T19:19:40","slug":"diseno-de-planos-mantenimiento-e-instalacion-de-tableros-en-dc-y-ac","status":"publish","type":"product","link":"https:\/\/www.cicloenergetico.com.co\/?product=diseno-de-planos-mantenimiento-e-instalacion-de-tableros-en-dc-y-ac","title":{"rendered":"Dise\u00f1o de planos, mantenimiento e instalaci\u00f3n de tableros en DC y AC"},"content":{"rendered":"<p>Un tablero el\u00e9ctrico es una caja o gabinete que contiene los dispositivos de conexi\u00f3n, maniobra, comando, medici\u00f3n, protecci\u00f3n, alarma se\u00f1alizaci\u00f3n, con sus cubiertas y soportes correspondientes, para cumplir una funci\u00f3n espec\u00edfica dentro de un sistema el\u00e9ctrico la fabricaci\u00f3n o ensamblaje de un tablero el\u00e9ctrico debe cumplir criterios de dise\u00f1o y normativas que permitan su funcionamiento correcto una vez energizado, garantizando la seguridad de los operarios y de las instalaciones en las cuales se encuentran ubicados los equipos de protecci\u00f3n y de control, as\u00ed  como los instrumentos de medici\u00f3n, se instalan por lo general en tableros el\u00e9ctricos, teniendo una referencia de conexi\u00f3n.<br \/>\nPara su inter\u00e9s<br \/>\nLas siglas DC; hace referencia a un sistema en corriente continua como por ejemplo la que encontramos en las bater\u00edas.<br \/>\nLas siglas AC; hace referencia a corriente alterna como por ejemplo lo que encontramos en nuestros hogares.<\/p>\n","protected":false},"excerpt":{"rendered":"<p>Un tablero el\u00e9ctrico es una caja o gabinete que contiene los dispositivos de conexi\u00f3n, maniobra, comando, medici\u00f3n, protecci\u00f3n, alarma se\u00f1alizaci\u00f3n, con sus cubiertas y soportes correspondientes, para cumplir una funci\u00f3n espec\u00edfica dentro de un sistema el\u00e9ctrico la fabricaci\u00f3n o ensamblaje de un tablero el\u00e9ctrico debe cumplir criterios de dise\u00f1o y normativas que permitan su funcionamiento [&hellip;]<\/p>\n","protected":false},"featured_media":1268,"comment_status":"closed","ping_status":"closed","template":"","meta":[],"_links":{"self":[{"href":"https:\/\/www.cicloenergetico.com.co\/index.php?rest_route=\/wp\/v2\/product\/1125"}],"collection":[{"href":"https:\/\/www.cicloenergetico.com.co\/index.php?rest_route=\/wp\/v2\/product"}],"about":[{"href":"https:\/\/www.cicloenergetico.com.co\/index.php?rest_route=\/wp\/v2\/types\/product"}],"replies":[{"embeddable":true,"href":"https:\/\/www.cicloenergetico.com.co\/index.php?rest_route=%2Fwp%2Fv2%2Fcomments&post=1125"}],"wp:featuredmedia":[{"embeddable":true,"href":"https:\/\/www.cicloenergetico.com.co\/index.php?rest_route=\/wp\/v2\/media\/1268"}],"wp:attachment":[{"href":"https:\/\/www.cicloenergetico.com.co\/index.php?rest_route=%2Fwp%2Fv2%2Fmedia&parent=1125"}],"curies":[{"name":"wp","href":"https:\/\/api.w.org\/{rel}","templated":true}]}}