{"id":1124,"date":"2020-03-12T17:47:21","date_gmt":"2020-03-12T22:47:21","guid":{"rendered":"https:\/\/cicloenergetico.com.co\/co\/?post_type=product&#038;p=1124"},"modified":"2020-04-30T14:22:22","modified_gmt":"2020-04-30T19:22:22","slug":"diseno-montaje-puesta-en-marcha-de-sistemas-electromecanicos","status":"publish","type":"product","link":"https:\/\/www.cicloenergetico.com.co\/?product=diseno-montaje-puesta-en-marcha-de-sistemas-electromecanicos","title":{"rendered":"Dise\u00f1o, montaje, puesta en marcha de  sistemas electromec\u00e1nicos"},"content":{"rendered":"<p>En un principio se defini\u00f3 como la integraci\u00f3n de la mec\u00e1nica y la electricidad en una m\u00e1quina o producto, pero luego se consolid\u00f3 como una especialidad de la ingenier\u00eda e incorpor\u00f3 otros elementos como los sistemas de computaci\u00f3n, los desarrollos de la microelectr\u00f3nica, la inteligencia artificial, la teor\u00eda de control y otros relacionados con la inform\u00e1tica, estabilidad y alcanzabilidad. Teniendo como objetivo la optimizaci\u00f3n de los elementos industriales a trav\u00e9s de la optimizaci\u00f3n de cada uno de sus subprocesos con nuevas herramientas sin\u00e9rgicas.<\/p>\n","protected":false},"excerpt":{"rendered":"<p>En un principio se defini\u00f3 como la integraci\u00f3n de la mec\u00e1nica y la electricidad en una m\u00e1quina o producto, pero luego se consolid\u00f3 como una especialidad de la ingenier\u00eda e incorpor\u00f3 otros elementos como los sistemas de computaci\u00f3n, los desarrollos de la microelectr\u00f3nica, la inteligencia artificial, la teor\u00eda de control y otros relacionados con la [&hellip;]<\/p>\n","protected":false},"featured_media":1270,"comment_status":"closed","ping_status":"closed","template":"","meta":[],"_links":{"self":[{"href":"https:\/\/www.cicloenergetico.com.co\/index.php?rest_route=\/wp\/v2\/product\/1124"}],"collection":[{"href":"https:\/\/www.cicloenergetico.com.co\/index.php?rest_route=\/wp\/v2\/product"}],"about":[{"href":"https:\/\/www.cicloenergetico.com.co\/index.php?rest_route=\/wp\/v2\/types\/product"}],"replies":[{"embeddable":true,"href":"https:\/\/www.cicloenergetico.com.co\/index.php?rest_route=%2Fwp%2Fv2%2Fcomments&post=1124"}],"wp:featuredmedia":[{"embeddable":true,"href":"https:\/\/www.cicloenergetico.com.co\/index.php?rest_route=\/wp\/v2\/media\/1270"}],"wp:attachment":[{"href":"https:\/\/www.cicloenergetico.com.co\/index.php?rest_route=%2Fwp%2Fv2%2Fmedia&parent=1124"}],"curies":[{"name":"wp","href":"https:\/\/api.w.org\/{rel}","templated":true}]}}