{"id":1110,"date":"2017-02-06T22:00:42","date_gmt":"2017-02-07T03:00:42","guid":{"rendered":"http:\/\/cicloenergetico.com.co\/co\/?post_type=product&#038;p=1110"},"modified":"2017-02-06T22:00:42","modified_gmt":"2017-02-07T03:00:42","slug":"refrigeradores-y-congeladores-de-corriente-directa","status":"publish","type":"product","link":"https:\/\/www.cicloenergetico.com.co\/?product=refrigeradores-y-congeladores-de-corriente-directa","title":{"rendered":"Refrigeradores y congeladores de Corriente Directa"},"content":{"rendered":"<p>Caracter\u00edsticas del producto<\/p>\n<ul>\n<li>Los refrigeradores operan con un solo m\u00f3dulo de 75W en la mayor\u00eda de los climas.<\/li>\n<li>Disponible en 12 o 24 V CC con funci\u00f3n de desconexi\u00f3n de la bater\u00eda para protecci\u00f3n ante bajos voltajes.<\/li>\n<li>Refrigerante ecol\u00f3gico (R-134a), libre de CFC\u2019s.<\/li>\n<li>Exterior en acero galvanizado resistente a los rayones.<\/li>\n<li>Interior en aluminio f\u00e1cil de limpiar.<\/li>\n<li>Puerta con luz interior y asegurable con llave.<\/li>\n<li>Sistema patentado anti escarcha.<\/li>\n<li>Control autom\u00e1tico con termostato ajustable.<\/li>\n<li>Canastas para organizar los alimentos.<\/li>\n<\/ul>\n","protected":false},"excerpt":{"rendered":"<p>Los productos SunDanzer se fabrican en una f\u00e1brica con alto grado de automatizaci\u00f3n por uno de los fabricantes de electrodom\u00e9sticos l\u00edderes en el mundo que cumple las estrictas normas de calidad y eficiencia de SunDanzer.<\/p>\n","protected":false},"featured_media":1111,"comment_status":"closed","ping_status":"closed","template":"","meta":[],"_links":{"self":[{"href":"https:\/\/www.cicloenergetico.com.co\/index.php?rest_route=\/wp\/v2\/product\/1110"}],"collection":[{"href":"https:\/\/www.cicloenergetico.com.co\/index.php?rest_route=\/wp\/v2\/product"}],"about":[{"href":"https:\/\/www.cicloenergetico.com.co\/index.php?rest_route=\/wp\/v2\/types\/product"}],"replies":[{"embeddable":true,"href":"https:\/\/www.cicloenergetico.com.co\/index.php?rest_route=%2Fwp%2Fv2%2Fcomments&post=1110"}],"wp:featuredmedia":[{"embeddable":true,"href":"https:\/\/www.cicloenergetico.com.co\/index.php?rest_route=\/wp\/v2\/media\/1111"}],"wp:attachment":[{"href":"https:\/\/www.cicloenergetico.com.co\/index.php?rest_route=%2Fwp%2Fv2%2Fmedia&parent=1110"}],"curies":[{"name":"wp","href":"https:\/\/api.w.org\/{rel}","templated":true}]}}