{"id":1108,"date":"2017-02-06T21:57:30","date_gmt":"2017-02-07T02:57:30","guid":{"rendered":"http:\/\/cicloenergetico.com.co\/co\/?post_type=product&#038;p=1108"},"modified":"2017-02-06T21:57:51","modified_gmt":"2017-02-07T02:57:51","slug":"bof-250","status":"publish","type":"product","link":"https:\/\/www.cicloenergetico.com.co\/?product=bof-250","title":{"rendered":"BOF-250"},"content":{"rendered":"<p>Caracter\u00edsticas del producto<\/p>\n<ul>\n<li>Llanta 1.95 &#8211; 27&#8243;.<\/li>\n<li>Motor 250W CENTRAL<\/li>\n<li>Bater\u00eda Li-ion 36V 10 Ah<\/li>\n<li>Frenos de Disco.<\/li>\n<li>Grupo Shimano Sis Tourney de 7 velocidades.<\/li>\n<li>Velocidad m\u00e1xima 30 Km\/h<\/li>\n<li>Autonom\u00eda de la bater\u00eda 40 Km.<\/li>\n<li>Mostrador carga de la Bater\u00eda.<\/li>\n<li>Tres niveles de conducci\u00f3n.<\/li>\n<\/ul>\n","protected":false},"excerpt":{"rendered":"<p>Caracter\u00edsticas del producto Llanta 1.95 &#8211; 27&#8243;. Motor 250W CENTRAL Bater\u00eda Li-ion 36V 10 Ah Frenos de Disco. Grupo Shimano Sis Tourney de 7 velocidades. Velocidad m\u00e1xima 30 Km\/h Autonom\u00eda de la bater\u00eda 40 Km. Mostrador carga de la Bater\u00eda. Tres niveles de conducci\u00f3n.<\/p>\n","protected":false},"featured_media":1109,"comment_status":"closed","ping_status":"closed","template":"","meta":[],"_links":{"self":[{"href":"https:\/\/www.cicloenergetico.com.co\/index.php?rest_route=\/wp\/v2\/product\/1108"}],"collection":[{"href":"https:\/\/www.cicloenergetico.com.co\/index.php?rest_route=\/wp\/v2\/product"}],"about":[{"href":"https:\/\/www.cicloenergetico.com.co\/index.php?rest_route=\/wp\/v2\/types\/product"}],"replies":[{"embeddable":true,"href":"https:\/\/www.cicloenergetico.com.co\/index.php?rest_route=%2Fwp%2Fv2%2Fcomments&post=1108"}],"wp:featuredmedia":[{"embeddable":true,"href":"https:\/\/www.cicloenergetico.com.co\/index.php?rest_route=\/wp\/v2\/media\/1109"}],"wp:attachment":[{"href":"https:\/\/www.cicloenergetico.com.co\/index.php?rest_route=%2Fwp%2Fv2%2Fmedia&parent=1108"}],"curies":[{"name":"wp","href":"https:\/\/api.w.org\/{rel}","templated":true}]}}