{"id":1096,"date":"2017-02-06T21:43:03","date_gmt":"2017-02-07T02:43:03","guid":{"rendered":"http:\/\/cicloenergetico.com.co\/co\/?post_type=product&#038;p=1096"},"modified":"2017-02-06T21:45:19","modified_gmt":"2017-02-07T02:45:19","slug":"wicxl","status":"publish","type":"product","link":"https:\/\/www.cicloenergetico.com.co\/?product=wicxl","title":{"rendered":"WICXL"},"content":{"rendered":"<p>Caracter\u00edsticas del producto<\/p>\n<ul>\n<li>Dise\u00f1o delgado y compacto.<\/li>\n<li>Funci\u00f3n de reinicio autom\u00e1tico.<\/li>\n<li>Funciones de autodiagn\u00f3stico y autoprotecci\u00f3n.<\/li>\n<li>Ranurado interior en cobre.<\/li>\n<li>Aleta de aluminio hidrof\u00edlico.<\/li>\n<li>Control de 24 voltios.<\/li>\n<li>Sistema de flujo de 4 v\u00edas.<\/li>\n<li>Modo Sleep, que permite aumentar o disminuir la temperatura durante las primeras 2 horas. Esto ayuda a mantener la temperatura m\u00e1s agradable y ahorra energ\u00eda.<\/li>\n<li>Deshumidificaci\u00f3n fuerte.<\/li>\n<\/ul>\n","protected":false},"excerpt":{"rendered":"<p>Caracter\u00edsticas del producto Dise\u00f1o delgado y compacto. Funci\u00f3n de reinicio autom\u00e1tico. Funciones de autodiagn\u00f3stico y autoprotecci\u00f3n. Ranurado interior en cobre. Aleta de aluminio hidrof\u00edlico. Control de 24 voltios. Sistema de flujo de 4 v\u00edas. Modo Sleep, que permite aumentar o disminuir la temperatura durante las primeras 2 horas. Esto ayuda a mantener la temperatura m\u00e1s [&hellip;]<\/p>\n","protected":false},"featured_media":1098,"comment_status":"closed","ping_status":"closed","template":"","meta":[],"_links":{"self":[{"href":"https:\/\/www.cicloenergetico.com.co\/index.php?rest_route=\/wp\/v2\/product\/1096"}],"collection":[{"href":"https:\/\/www.cicloenergetico.com.co\/index.php?rest_route=\/wp\/v2\/product"}],"about":[{"href":"https:\/\/www.cicloenergetico.com.co\/index.php?rest_route=\/wp\/v2\/types\/product"}],"replies":[{"embeddable":true,"href":"https:\/\/www.cicloenergetico.com.co\/index.php?rest_route=%2Fwp%2Fv2%2Fcomments&post=1096"}],"wp:featuredmedia":[{"embeddable":true,"href":"https:\/\/www.cicloenergetico.com.co\/index.php?rest_route=\/wp\/v2\/media\/1098"}],"wp:attachment":[{"href":"https:\/\/www.cicloenergetico.com.co\/index.php?rest_route=%2Fwp%2Fv2%2Fmedia&parent=1096"}],"curies":[{"name":"wp","href":"https:\/\/api.w.org\/{rel}","templated":true}]}}