{"id":1079,"date":"2016-04-01T16:03:33","date_gmt":"2016-04-01T21:03:33","guid":{"rendered":"http:\/\/cicloenergetico.com.co\/co\/?post_type=product&#038;p=1079"},"modified":"2016-04-01T16:03:33","modified_gmt":"2016-04-01T21:03:33","slug":"bombas-mq-agricolas","status":"publish","type":"product","link":"https:\/\/www.cicloenergetico.com.co\/?product=bombas-mq-agricolas","title":{"rendered":"Bombas MQ Agr\u00edcolas"},"content":{"rendered":"<p>Caracter\u00edsticas del producto<\/p>\n<ul>\n<li>Unidad completa de aumento de presi\u00f3n.<\/li>\n<li>F\u00e1cil de instalar.<\/li>\n<li>F\u00e1cil de manejar.<\/li>\n<li>Funci\u00f3n autocebante.<\/li>\n<li>Protecci\u00f3n contra marcha en seco.<\/li>\n<li>Bajo nivel de ruido.<\/li>\n<li>No requiere mantenimiento.<\/li>\n<\/ul>\n","protected":false},"excerpt":{"rendered":"<p>La bomba MQ constituye un sistema compacto de suministro de agua, dise\u00f1ado para aplicaciones dom\u00e9sticas, agr\u00edcolas y hort\u00edcolas.<\/p>\n","protected":false},"featured_media":1080,"comment_status":"closed","ping_status":"closed","template":"","meta":[],"_links":{"self":[{"href":"https:\/\/www.cicloenergetico.com.co\/index.php?rest_route=\/wp\/v2\/product\/1079"}],"collection":[{"href":"https:\/\/www.cicloenergetico.com.co\/index.php?rest_route=\/wp\/v2\/product"}],"about":[{"href":"https:\/\/www.cicloenergetico.com.co\/index.php?rest_route=\/wp\/v2\/types\/product"}],"replies":[{"embeddable":true,"href":"https:\/\/www.cicloenergetico.com.co\/index.php?rest_route=%2Fwp%2Fv2%2Fcomments&post=1079"}],"wp:featuredmedia":[{"embeddable":true,"href":"https:\/\/www.cicloenergetico.com.co\/index.php?rest_route=\/wp\/v2\/media\/1080"}],"wp:attachment":[{"href":"https:\/\/www.cicloenergetico.com.co\/index.php?rest_route=%2Fwp%2Fv2%2Fmedia&parent=1079"}],"curies":[{"name":"wp","href":"https:\/\/api.w.org\/{rel}","templated":true}]}}