{"id":1075,"date":"2016-04-01T15:56:46","date_gmt":"2016-04-01T20:56:46","guid":{"rendered":"http:\/\/cicloenergetico.com.co\/co\/?post_type=product&#038;p=1075"},"modified":"2016-04-01T15:56:46","modified_gmt":"2016-04-01T20:56:46","slug":"sqflex","status":"publish","type":"product","link":"https:\/\/www.cicloenergetico.com.co\/?product=sqflex","title":{"rendered":"SQFlex"},"content":{"rendered":"<p>Caracter\u00edsticas del producto<\/p>\n<ul>\n<li>Suministro de energ\u00eda renovable: paneles solares o turbinas e\u00f3licas.<\/li>\n<li>Sistemas electr\u00f3nicos incorporados y f\u00e1cil instalaci\u00f3n.<\/li>\n<li>Suministro fiable de agua.<\/li>\n<li>Bajos costes de funcionamiento.<\/li>\n<li>Protecci\u00f3n contra marcha en seco.<\/li>\n<\/ul>\n","protected":false},"excerpt":{"rendered":"<p>La gama SQFlex es una soluci\u00f3n ecol\u00f3gicamente responsable para el suministro de agua. Las bombas de la gama SQFlex incorporan un motor de imanes permanentes que permite utilizar de manera eficiente la energ\u00eda procedente de fuentes naturales. Este sistema de bombeo constituye una soluci\u00f3n id\u00f3nea para el suministro de agua en zonas de dif\u00edcil acceso en las que esta escasea y el suministro el\u00e9ctrico es inexistente o poco fiable.<\/p>\n","protected":false},"featured_media":1076,"comment_status":"closed","ping_status":"closed","template":"","meta":[],"_links":{"self":[{"href":"https:\/\/www.cicloenergetico.com.co\/index.php?rest_route=\/wp\/v2\/product\/1075"}],"collection":[{"href":"https:\/\/www.cicloenergetico.com.co\/index.php?rest_route=\/wp\/v2\/product"}],"about":[{"href":"https:\/\/www.cicloenergetico.com.co\/index.php?rest_route=\/wp\/v2\/types\/product"}],"replies":[{"embeddable":true,"href":"https:\/\/www.cicloenergetico.com.co\/index.php?rest_route=%2Fwp%2Fv2%2Fcomments&post=1075"}],"wp:featuredmedia":[{"embeddable":true,"href":"https:\/\/www.cicloenergetico.com.co\/index.php?rest_route=\/wp\/v2\/media\/1076"}],"wp:attachment":[{"href":"https:\/\/www.cicloenergetico.com.co\/index.php?rest_route=%2Fwp%2Fv2%2Fmedia&parent=1075"}],"curies":[{"name":"wp","href":"https:\/\/api.w.org\/{rel}","templated":true}]}}