{"id":1067,"date":"2016-04-01T15:46:13","date_gmt":"2016-04-01T20:46:13","guid":{"rendered":"http:\/\/cicloenergetico.com.co\/co\/?post_type=product&#038;p=1067"},"modified":"2016-04-01T15:46:13","modified_gmt":"2016-04-01T20:46:13","slug":"flexware","status":"publish","type":"product","link":"https:\/\/www.cicloenergetico.com.co\/?product=flexware","title":{"rendered":"FLEXware"},"content":{"rendered":"<p>Caracter\u00edsticas del Producto<\/p>\n<ul>\n<li>Componente integrado de balanceo del sistema para la serie de inversores\/cargadores FX \u00b7 Desde interruptores de 150VDC para sistemas fotovoltaicos de bajo voltaje.<\/li>\n<li>Sistemas fotovoltaicos de alto voltaje.<\/li>\n<li>Dise\u00f1ado para sobrevivir en ambientes a la intemperie.<\/li>\n<\/ul>\n","protected":false},"excerpt":{"rendered":"<p>El protector contra sobretensiones OutBack Power FLEXware es un componente totalmente integrado de balanceo del sistema para la serie de inversores\/cargadores FX. El protector contra sobretensiones FLEXware fue dise\u00f1ado por los ingenieros de OutBack espec\u00edficamente para la serie de inversores \/ cargadores OutBack FX y proporciona m\u00faltiples niveles de protecci\u00f3n para los componentes el\u00e9ctricos vitales del inversor \/ cargador en el caso de una sobrecarga el\u00e9ctrica o un rayo cercano.<\/p>\n","protected":false},"featured_media":1068,"comment_status":"closed","ping_status":"closed","template":"","meta":[],"_links":{"self":[{"href":"https:\/\/www.cicloenergetico.com.co\/index.php?rest_route=\/wp\/v2\/product\/1067"}],"collection":[{"href":"https:\/\/www.cicloenergetico.com.co\/index.php?rest_route=\/wp\/v2\/product"}],"about":[{"href":"https:\/\/www.cicloenergetico.com.co\/index.php?rest_route=\/wp\/v2\/types\/product"}],"replies":[{"embeddable":true,"href":"https:\/\/www.cicloenergetico.com.co\/index.php?rest_route=%2Fwp%2Fv2%2Fcomments&post=1067"}],"wp:featuredmedia":[{"embeddable":true,"href":"https:\/\/www.cicloenergetico.com.co\/index.php?rest_route=\/wp\/v2\/media\/1068"}],"wp:attachment":[{"href":"https:\/\/www.cicloenergetico.com.co\/index.php?rest_route=%2Fwp%2Fv2%2Fmedia&parent=1067"}],"curies":[{"name":"wp","href":"https:\/\/api.w.org\/{rel}","templated":true}]}}