{"id":1064,"date":"2016-04-01T12:22:13","date_gmt":"2016-04-01T17:22:13","guid":{"rendered":"http:\/\/cicloenergetico.com.co\/co\/?post_type=product&#038;p=1064"},"modified":"2016-04-01T12:22:13","modified_gmt":"2016-04-01T17:22:13","slug":"optics-software","status":"publish","type":"product","link":"https:\/\/www.cicloenergetico.com.co\/?product=optics-software","title":{"rendered":"OPTICS Software"},"content":{"rendered":"<p>Caracter\u00edsticas del Producto<\/p>\n<ul>\n<li>Control remoto total de m\u00e1s de 600 par\u00e1metros de los dispositivos del sistema<\/li>\n<li>Monitoreo del uso de la producci\u00f3n de energ\u00eda.<\/li>\n<li>Verificaci\u00f3n del desempe\u00f1o y la salud del sistema.<\/li>\n<li>Visi\u00f3n simple de los datos complejos a trav\u00e9s de datos hist\u00f3ricos.<\/li>\n<li>Recibe notificaciones por correo electr\u00f3nico y alertas.<\/li>\n<\/ul>\n","protected":false},"excerpt":{"rendered":"<p>OPTICS RE permite a los instaladores y propietarios de sistemas monitorear y controlar la configuraci\u00f3n del sistema de cualquier dispositivo conectado a Internet en cualquier parte del mundo. Con el estado en tiempo real y el control en sus manos, siga y gestione el rendimiento de un sistema individual o de una red de sistemas dispersos.<\/p>\n","protected":false},"featured_media":1065,"comment_status":"closed","ping_status":"closed","template":"","meta":[],"_links":{"self":[{"href":"https:\/\/www.cicloenergetico.com.co\/index.php?rest_route=\/wp\/v2\/product\/1064"}],"collection":[{"href":"https:\/\/www.cicloenergetico.com.co\/index.php?rest_route=\/wp\/v2\/product"}],"about":[{"href":"https:\/\/www.cicloenergetico.com.co\/index.php?rest_route=\/wp\/v2\/types\/product"}],"replies":[{"embeddable":true,"href":"https:\/\/www.cicloenergetico.com.co\/index.php?rest_route=%2Fwp%2Fv2%2Fcomments&post=1064"}],"wp:featuredmedia":[{"embeddable":true,"href":"https:\/\/www.cicloenergetico.com.co\/index.php?rest_route=\/wp\/v2\/media\/1065"}],"wp:attachment":[{"href":"https:\/\/www.cicloenergetico.com.co\/index.php?rest_route=%2Fwp%2Fv2%2Fmedia&parent=1064"}],"curies":[{"name":"wp","href":"https:\/\/api.w.org\/{rel}","templated":true}]}}