{"id":1062,"date":"2016-04-01T12:20:45","date_gmt":"2016-04-01T17:20:45","guid":{"rendered":"http:\/\/cicloenergetico.com.co\/co\/?post_type=product&#038;p=1062"},"modified":"2016-04-01T12:20:45","modified_gmt":"2016-04-01T17:20:45","slug":"mate-3","status":"publish","type":"product","link":"https:\/\/www.cicloenergetico.com.co\/?product=mate-3","title":{"rendered":"MATE 3"},"content":{"rendered":"<p>Caracter\u00edsticas del Producto<\/p>\n<ul>\n<li>Programa, maneja y monitorea todo el sistema.<\/li>\n<li>Estructura intuitiva del men\u00fa.<\/li>\n<li>Pantalla gr\u00e1fica de f\u00e1cil lectura.<\/li>\n<li>Asistente de configuraci\u00f3n del sistema.<\/li>\n<li>Habilitado para Internet.<\/li>\n<li>Actualizable en campo.<\/li>\n<li>Hasta 1 a\u00f1o de registro de datos.<\/li>\n<li>Ranura para tarjeta de memoria SD<\/li>\n<li>Accesorios opcionales: Tarjeta USB MATE3<\/li>\n<\/ul>\n","protected":false},"excerpt":{"rendered":"<p>La pantalla del sistema y el controlador MATE3 hacen que sea m\u00e1s f\u00e1cil que nunca programar y supervisar un sistema completo OutBack Power. Una interfaz de usuario intuitiva y el asistente de configuraci\u00f3n de sistema integrado hacen que la configuraci\u00f3n del sistema y programaci\u00f3n sean r\u00e1pidas y sin problemas. La capacidad de establecer contrase\u00f1as \u00fanicas de usuario de m\u00faltiples niveles hace que sea posible asegurar los ajustes cr\u00edticos del sistema contra cambios no deseados al tiempo que permite el libre acceso a las funciones necesarias.<\/p>\n","protected":false},"featured_media":1063,"comment_status":"closed","ping_status":"closed","template":"","meta":[],"_links":{"self":[{"href":"https:\/\/www.cicloenergetico.com.co\/index.php?rest_route=\/wp\/v2\/product\/1062"}],"collection":[{"href":"https:\/\/www.cicloenergetico.com.co\/index.php?rest_route=\/wp\/v2\/product"}],"about":[{"href":"https:\/\/www.cicloenergetico.com.co\/index.php?rest_route=\/wp\/v2\/types\/product"}],"replies":[{"embeddable":true,"href":"https:\/\/www.cicloenergetico.com.co\/index.php?rest_route=%2Fwp%2Fv2%2Fcomments&post=1062"}],"wp:featuredmedia":[{"embeddable":true,"href":"https:\/\/www.cicloenergetico.com.co\/index.php?rest_route=\/wp\/v2\/media\/1063"}],"wp:attachment":[{"href":"https:\/\/www.cicloenergetico.com.co\/index.php?rest_route=%2Fwp%2Fv2%2Fmedia&parent=1062"}],"curies":[{"name":"wp","href":"https:\/\/api.w.org\/{rel}","templated":true}]}}