{"id":1060,"date":"2016-04-01T12:18:08","date_gmt":"2016-04-01T17:18:08","guid":{"rendered":"http:\/\/cicloenergetico.com.co\/co\/?post_type=product&#038;p=1060"},"modified":"2020-04-30T14:24:48","modified_gmt":"2020-04-30T19:24:48","slug":"mate","status":"publish","type":"product","link":"https:\/\/www.cicloenergetico.com.co\/?product=mate","title":{"rendered":"MATE"},"content":{"rendered":"<p>Caracter\u00edsticas del Producto<\/p>\n<ul>\n<li>Administraci\u00f3n sencilla del sistema.<\/li>\n<li>Cuatro teclas de funci\u00f3n permiten una f\u00e1cil navegaci\u00f3n basada en el contexto de los men\u00fas y funciones.<\/li>\n<li>Funciones de reloj y calendario incorporadas.<\/li>\n<li>Dos teclas de acceso r\u00e1pido proporcionan acceso inmediato a la CA y funciones del inversor.<\/li>\n<\/ul>\n","protected":false},"excerpt":{"rendered":"<p>Las pantallas del sistema y los controladores MATE son herramientas de gesti\u00f3n para su Sistema OutBack Power. A trav\u00e9s de la utilizaci\u00f3n de un \u00fanico MATE, se puede administrar de forma remota y controlar m\u00faltiples inversores \/ cargadores, MX60s y futuros productos de conversi\u00f3n de potencia y control OutBack.<\/p>\n","protected":false},"featured_media":1061,"comment_status":"closed","ping_status":"closed","template":"","meta":[],"_links":{"self":[{"href":"https:\/\/www.cicloenergetico.com.co\/index.php?rest_route=\/wp\/v2\/product\/1060"}],"collection":[{"href":"https:\/\/www.cicloenergetico.com.co\/index.php?rest_route=\/wp\/v2\/product"}],"about":[{"href":"https:\/\/www.cicloenergetico.com.co\/index.php?rest_route=\/wp\/v2\/types\/product"}],"replies":[{"embeddable":true,"href":"https:\/\/www.cicloenergetico.com.co\/index.php?rest_route=%2Fwp%2Fv2%2Fcomments&post=1060"}],"wp:featuredmedia":[{"embeddable":true,"href":"https:\/\/www.cicloenergetico.com.co\/index.php?rest_route=\/wp\/v2\/media\/1061"}],"wp:attachment":[{"href":"https:\/\/www.cicloenergetico.com.co\/index.php?rest_route=%2Fwp%2Fv2%2Fmedia&parent=1060"}],"curies":[{"name":"wp","href":"https:\/\/api.w.org\/{rel}","templated":true}]}}