{"id":1049,"date":"2016-04-01T10:57:20","date_gmt":"2016-04-01T15:57:20","guid":{"rendered":"http:\/\/cicloenergetico.com.co\/co\/?post_type=product&#038;p=1049"},"modified":"2016-04-01T10:57:20","modified_gmt":"2016-04-01T15:57:20","slug":"controlador-sellado","status":"publish","type":"product","link":"https:\/\/www.cicloenergetico.com.co\/?product=controlador-sellado","title":{"rendered":"Controlador SELLADO"},"content":{"rendered":"<h3>Caracter\u00edsticas del producto<\/h3>\n<ul>\n<li>Empaque sellado con clasificaci\u00f3n ambiental para exteriores.<\/li>\n<li>Con refrigeraci\u00f3n pasiva de estado s\u00f3lido, dise\u00f1ado para un funcionamiento silencioso.<\/li>\n<li>Arquitectura sellada para confiabilidad a largo plazo.<\/li>\n<li>Interfaz AXS Card\/Modbus\/TCP de f\u00e1cil integraci\u00f3n.<\/li>\n<li>La detecci\u00f3n remota de la tensi\u00f3n de la bater\u00eda mejora el rendimiento de la carga de \u00e9sta.<\/li>\n<\/ul>\n","protected":false},"excerpt":{"rendered":"<p>El FLEXmax Extreme est\u00e1 dise\u00f1ado en torno al concepto de que la cadena m\u00e1s fuerte es una que no tiene eslabones d\u00e9biles. En el caso del dise\u00f1o de controlador de carga, el eslab\u00f3n m\u00e1s d\u00e9bil es t\u00edpicamente el ventilador de refrigeraci\u00f3n. Al retirar el ventilador, se elimina el mayor obst\u00e1culo para una larga vida \u00fatil y una alta fiabilidad, puesto que los problemas del ventilador limitan severamente la producci\u00f3n de energ\u00eda.<\/p>\n","protected":false},"featured_media":1050,"comment_status":"closed","ping_status":"closed","template":"","meta":[],"_links":{"self":[{"href":"https:\/\/www.cicloenergetico.com.co\/index.php?rest_route=\/wp\/v2\/product\/1049"}],"collection":[{"href":"https:\/\/www.cicloenergetico.com.co\/index.php?rest_route=\/wp\/v2\/product"}],"about":[{"href":"https:\/\/www.cicloenergetico.com.co\/index.php?rest_route=\/wp\/v2\/types\/product"}],"replies":[{"embeddable":true,"href":"https:\/\/www.cicloenergetico.com.co\/index.php?rest_route=%2Fwp%2Fv2%2Fcomments&post=1049"}],"wp:featuredmedia":[{"embeddable":true,"href":"https:\/\/www.cicloenergetico.com.co\/index.php?rest_route=\/wp\/v2\/media\/1050"}],"wp:attachment":[{"href":"https:\/\/www.cicloenergetico.com.co\/index.php?rest_route=%2Fwp%2Fv2%2Fmedia&parent=1049"}],"curies":[{"name":"wp","href":"https:\/\/api.w.org\/{rel}","templated":true}]}}