{"id":1046,"date":"2016-03-31T18:30:36","date_gmt":"2016-03-31T23:30:36","guid":{"rendered":"http:\/\/cicloenergetico.com.co\/co\/?post_type=product&#038;p=1046"},"modified":"2016-04-01T12:00:10","modified_gmt":"2016-04-01T17:00:10","slug":"flexmax-6080","status":"publish","type":"product","link":"https:\/\/www.cicloenergetico.com.co\/?product=flexmax-6080","title":{"rendered":"FlexMax 60\/80"},"content":{"rendered":"<h3>Caracter\u00edsticas del producto<\/h3>\n<ul>\n<li>Seguimiento del punto de m\u00e1xima potencia (MPPT)<\/li>\n<li>Enfriamiento activo y gesti\u00f3n inteligente del manejo de la temperatura.<\/li>\n<li>Temperaturas ambiente de hasta 104 \u00b0F (40 \u00b0C)<\/li>\n<li>Pantalla incorporada de 80 caracteres y con retroiluminaci\u00f3n.<\/li>\n<li>Comunicaciones por red integradas de OutBack.<\/li>\n<\/ul>\n","protected":false},"excerpt":{"rendered":"<p>La familia de reguladores de carga FLEXmax es la \u00faltima innovaci\u00f3n en reguladores de carga de seguimiento del punto de m\u00e1xima potencia (MPPT) de OutBack Power.<\/p>\n","protected":false},"featured_media":1047,"comment_status":"closed","ping_status":"closed","template":"","meta":[],"_links":{"self":[{"href":"https:\/\/www.cicloenergetico.com.co\/index.php?rest_route=\/wp\/v2\/product\/1046"}],"collection":[{"href":"https:\/\/www.cicloenergetico.com.co\/index.php?rest_route=\/wp\/v2\/product"}],"about":[{"href":"https:\/\/www.cicloenergetico.com.co\/index.php?rest_route=\/wp\/v2\/types\/product"}],"replies":[{"embeddable":true,"href":"https:\/\/www.cicloenergetico.com.co\/index.php?rest_route=%2Fwp%2Fv2%2Fcomments&post=1046"}],"wp:featuredmedia":[{"embeddable":true,"href":"https:\/\/www.cicloenergetico.com.co\/index.php?rest_route=\/wp\/v2\/media\/1047"}],"wp:attachment":[{"href":"https:\/\/www.cicloenergetico.com.co\/index.php?rest_route=%2Fwp%2Fv2%2Fmedia&parent=1046"}],"curies":[{"name":"wp","href":"https:\/\/api.w.org\/{rel}","templated":true}]}}