{"id":1044,"date":"2016-03-31T18:11:15","date_gmt":"2016-03-31T23:11:15","guid":{"rendered":"http:\/\/cicloenergetico.com.co\/co\/?post_type=product&#038;p=1044"},"modified":"2016-03-31T18:11:15","modified_gmt":"2016-03-31T23:11:15","slug":"inversor-gfx","status":"publish","type":"product","link":"https:\/\/www.cicloenergetico.com.co\/?product=inversor-gfx","title":{"rendered":"Inversor GFX"},"content":{"rendered":"<p>Caracter\u00edsticas del producto<\/p>\n<ul>\n<li>Alimentaci\u00f3n con conexi\u00f3n a la red, como medio de respaldo o alimentaci\u00f3n independiente.<\/li>\n<li>Salida de onda sinoidal.<\/li>\n<li>Carga inteligente de bater\u00edas con soporte a generadores<\/li>\n<li>Alta clasificaci\u00f3n en protecci\u00f3n a sobretensiones y en el cargador.<\/li>\n<li>Chasis sellado para ambientes hostiles.<\/li>\n<li>F\u00e1cil mantenimiento en campo.<\/li>\n<\/ul>\n","protected":false},"excerpt":{"rendered":"<p>El inversor\/cargador OutBack GFX de onda sinodal real es una soluci\u00f3n de energ\u00eda competitiva dise\u00f1ada para aplicaciones con demandas de potencia m\u00e1s bajas.<\/p>\n","protected":false},"featured_media":1045,"comment_status":"closed","ping_status":"closed","template":"","meta":[],"_links":{"self":[{"href":"https:\/\/www.cicloenergetico.com.co\/index.php?rest_route=\/wp\/v2\/product\/1044"}],"collection":[{"href":"https:\/\/www.cicloenergetico.com.co\/index.php?rest_route=\/wp\/v2\/product"}],"about":[{"href":"https:\/\/www.cicloenergetico.com.co\/index.php?rest_route=\/wp\/v2\/types\/product"}],"replies":[{"embeddable":true,"href":"https:\/\/www.cicloenergetico.com.co\/index.php?rest_route=%2Fwp%2Fv2%2Fcomments&post=1044"}],"wp:featuredmedia":[{"embeddable":true,"href":"https:\/\/www.cicloenergetico.com.co\/index.php?rest_route=\/wp\/v2\/media\/1045"}],"wp:attachment":[{"href":"https:\/\/www.cicloenergetico.com.co\/index.php?rest_route=%2Fwp%2Fv2%2Fmedia&parent=1044"}],"curies":[{"name":"wp","href":"https:\/\/api.w.org\/{rel}","templated":true}]}}