{"id":1039,"date":"2016-03-31T17:51:55","date_gmt":"2016-03-31T22:51:55","guid":{"rendered":"http:\/\/cicloenergetico.com.co\/co\/?post_type=product&#038;p=1039"},"modified":"2016-03-31T18:04:53","modified_gmt":"2016-03-31T23:04:53","slug":"inversor-radian","status":"publish","type":"product","link":"https:\/\/www.cicloenergetico.com.co\/?product=inversor-radian","title":{"rendered":"Inversor Radian"},"content":{"rendered":"<p>Caracter\u00edsticas del producto<\/p>\n<ul>\n<li>Capacidad de interactuar con la red el\u00e9ctrica y de forma aut\u00f3noma en el mismo paquete. \u00b7 8000 y 4000 Vatios de potencia continuo, respectivamente.<\/li>\n<li>Tecnolog\u00eda GridZero, que minimiza la dependencia de la red el\u00e9ctrica.<\/li>\n<li>Inigualable capacidad contra sobretensiones.<\/li>\n<li>L\u00edmites ajustables de tensi\u00f3n de entrada\/salida y de frecuencia.<\/li>\n<li>Entradas dobles de corriente alterna.<\/li>\n<li>Dise\u00f1o modular de f\u00e1cil mantenimiento en campo.<\/li>\n<li>Opci\u00f3n de centro de carga GSLC permite una instalaci\u00f3n r\u00e1pida y f\u00e1cil.<\/li>\n<\/ul>\n","protected":false},"excerpt":{"rendered":"<p>Los inversores\/cargadores de la serie Radian GS8048A y GS4048A est\u00e1n dise\u00f1ados con una meta: hacer que el dise\u00f1o del sistema y la instalaci\u00f3n sean m\u00e1s f\u00e1ciles y r\u00e1pidos en aplicaciones fuera de la red.<\/p>\n","protected":false},"featured_media":1043,"comment_status":"closed","ping_status":"closed","template":"","meta":[],"_links":{"self":[{"href":"https:\/\/www.cicloenergetico.com.co\/index.php?rest_route=\/wp\/v2\/product\/1039"}],"collection":[{"href":"https:\/\/www.cicloenergetico.com.co\/index.php?rest_route=\/wp\/v2\/product"}],"about":[{"href":"https:\/\/www.cicloenergetico.com.co\/index.php?rest_route=\/wp\/v2\/types\/product"}],"replies":[{"embeddable":true,"href":"https:\/\/www.cicloenergetico.com.co\/index.php?rest_route=%2Fwp%2Fv2%2Fcomments&post=1039"}],"wp:featuredmedia":[{"embeddable":true,"href":"https:\/\/www.cicloenergetico.com.co\/index.php?rest_route=\/wp\/v2\/media\/1043"}],"wp:attachment":[{"href":"https:\/\/www.cicloenergetico.com.co\/index.php?rest_route=%2Fwp%2Fv2%2Fmedia&parent=1039"}],"curies":[{"name":"wp","href":"https:\/\/api.w.org\/{rel}","templated":true}]}}