{"id":6,"date":"2015-08-19T09:10:31","date_gmt":"2015-08-19T09:10:31","guid":{"rendered":"http:\/\/ecoenergy.ancorathemes.com\/?page_id=6"},"modified":"2020-09-03T03:06:04","modified_gmt":"2020-09-03T08:06:04","slug":"homepage","status":"publish","type":"page","link":"https:\/\/www.cicloenergetico.com.co\/?page_id=6","title":{"rendered":"Inicio"},"content":{"rendered":"<p>[vc_row full_width=&#8221;stretch_row&#8221;][vc_column]<h4 class=\"sc_title sc_title_regular sc_align_center\" style=\"margin-top:0.65em;text-align:center;font-size:1.8461em;\">Nos encargamos del desarrollo y producci\u00f3n de fuentes no convencionales de energ\u00eda, con el fin de generar un mayor crecimiento econ\u00f3mico, sin extinguir los recursos naturales renovables.<\/h4><div class=\"columns_wrap sc_columns columns_nofluid sc_columns_count_4\" style=\"margin-top:5em;margin-bottom:1.4em;\"><div class=\"column-1_4 sc_column_item sc_column_item_1 odd first\" style=\"text-align:center;\"><span class=\"sc_icon icon-globe\" style=\"display:block;margin-right:0px;font-size:3em; line-height: 1em;color:#7dbf36;\"><\/span><h2 class=\"sc_title sc_title_regular\" style=\"margin-top:0.3em;margin-bottom:0.3em;color:#7dbf36;\">87%<\/h2><div class=\"sc_line sc_line_style_solid\" style=\"margin:auto;border-top: 2px solid;margin-top:0px;margin-bottom:2em;width:2.2em;border-top-style:solid;border-top-color:#7dbf36;\"><\/div><h5 class=\"sc_title sc_title_regular\" style=\"color:#444444;font-weight:400;font-size:1.384em;\">de la electricidad a\u00fan proviene de combustibles f\u00f3siles<\/h5><\/div><div class=\"column-1_4 sc_column_item sc_column_item_2 even\" style=\"text-align:center;\"><span class=\"sc_icon icon-pagelines\" style=\"display:block;margin-right:0px;font-size:3em; line-height: 1em;color:#82b463;\"><\/span><h2 class=\"sc_title sc_title_regular\" style=\"margin-top:0.3em;margin-bottom:0.3em;color:#82b463;\">13%<\/h2><div class=\"sc_line sc_line_style_solid\" style=\"margin:auto;border-top: 2px solid;margin-top:0px;margin-bottom:2em;width:2.2em;border-top-style:solid;border-top-color:#82b463;\"><\/div><h5 class=\"sc_title sc_title_regular\" style=\"color:#444444;font-weight:400;font-size:1.384em;\">de la electricidad se genera a partir de fuentes de energ\u00eda renovable<\/h5><\/div><div class=\"column-1_4 sc_column_item sc_column_item_3 odd\" style=\"text-align:center;\"><span class=\"sc_icon icon-cloud-light\" style=\"display:block;margin-right:0px;font-size:3em; line-height: 1em;color:#7a7a7a;background-color:#ffffff;border-color:#ffffff;\"><\/span><h2 class=\"sc_title sc_title_regular\" style=\"margin-top:0.3em;margin-bottom:0.3em;color:#7a7a7a;\">29000+<\/h2><div class=\"sc_line sc_line_style_solid\" style=\"margin:auto;border-top: 2px solid;margin-top:0px;margin-bottom:2em;width:2.2em;border-top-style:solid;border-top-color:#7a7a7a;\"><\/div><h5 class=\"sc_title sc_title_regular\" style=\"color:#444444;font-weight:400;font-size:1.384em;\">millones de toneladas de CO2 se liberan al a\u00f1o por energ\u00edas sucias<\/h5><\/div><div class=\"column-1_4 sc_column_item sc_column_item_4 even\" style=\"text-align:center;\"><span class=\"sc_icon icon-lightbulb-light\" style=\"display:block;margin-right:0px;font-size:3em; line-height: 1em;color:#10608e;\"><\/span><h2 class=\"sc_title sc_title_regular\" style=\"margin-top:0.3em;margin-bottom:0.3em;color:#10608e;\">36000+<\/h2><div class=\"sc_line sc_line_style_solid\" style=\"margin:auto;border-top: 2px solid;margin-top:0px;margin-bottom:2em;width:2.2em;border-top-style:solid;border-top-color:#10608e;\"><\/div><h5 class=\"sc_title sc_title_regular\" style=\"color:#444444;font-weight:400;font-size:1.384em;\">m\u00e1s de 36000\u00a0megavatios de energ\u00eda a nivel mundial, provienen de fuentes renovables<\/h5><\/div><\/div>[\/vc_column][\/vc_row][vc_row full_width=&#8221;stretch_row_content_no_spaces&#8221;][vc_column]<div class=\"sc_line sc_line_style_solid\" style=\"margin-top:0.15em;margin-bottom:3.5em;border-top-style:solid;\"><\/div>[\/vc_column][\/vc_row][vc_row]<div class=\"columns_wrap sc_columns columns_nofluid sc_columns_count_2\"><div class=\"column-1_2 sc_column_item sc_column_item_1 banners_1 odd first\"><div class=\"sc_column_item_inner\" style=\"background-image:url(https:\/\/www.cicloenergetico.com.co\/wp-content\/uploads\/2015\/08\/banner12.jpg);background-repeat:no-repeat;background-size:cover;\"><h2 class=\"sc_title sc_title_regular\" style=\"margin-top:0.62em;margin-bottom:1.38em;color:#ffffff;font-weight:700;font-size:5.5384em;\">Hogares<\/h2><h5 class=\"sc_title sc_title_regular\" style=\"line-height: 1.2em;margin-bottom:1.5em;color:#ffffff;font-size:1.3846em;\">\u00danase a la creciente cantidad de usuarios dom\u00e9sticos que est\u00e1n ayudando a sostener el sector de la energ\u00eda renovable y est\u00e1n reduciendo su impacto sobre el ambiente.<\/h5><\/div><\/div><div class=\"column-1_2 sc_column_item sc_column_item_2 banners_2 even\"><div class=\"sc_column_item_inner\" style=\"background-image:url(https:\/\/www.cicloenergetico.com.co\/wp-content\/uploads\/2015\/08\/banner22.jpg);background-repeat:no-repeat;background-size:cover;\"><h2 class=\"sc_title sc_title_regular\" style=\"margin-top:0.62em;margin-bottom:1.38em;color:#ffffff;font-weight:700;font-size:5.5384em;\">Negocios<\/h2><h5 class=\"sc_title sc_title_regular\" style=\"line-height: 1.2em;margin-bottom:1.5em;color:#ffffff;font-size:1.3846em;\">La eco energ\u00eda para su negocio es f\u00e1cil. \u00a0No necesita cambiar su proveedor de electricidad o su contrato actual y seguir\u00e1 gozando de la misma confiabilidad de suministro.<\/h5><\/div><\/div><\/div>[\/vc_row][vc_row full_width=&#8221;stretch_row_content_no_spaces&#8221;][vc_column]<div class=\"sc_line sc_line_style_solid\" style=\"margin-top:4.25em;margin-bottom:0px;border-top-style:solid;\"><\/div>[\/vc_column][\/vc_row][vc_row][vc_column]<h3 class=\"sc_title sc_title_regular\" style=\"margin-top:1.05em;\">Con\u00f3zcanos<\/h3><div class=\"sc_accordion sc_accordion_style_2\" data-active=\"0\"><div class=\"sc_accordion_item odd first\"><h5 class=\"sc_accordion_title\"><span class=\"sc_accordion_icon sc_accordion_icon_closed icon-plus\"><\/span><span class=\"sc_accordion_icon sc_accordion_icon_opened icon-minus\"><\/span>Lo que hacemos<\/h5><div class=\"sc_accordion_content\">[vc_column_text]Nos encargamos del desarrollo y producci\u00f3n de fuentes no convencionales de energ\u00eda, con el fin de generar un mayor crecimiento econ\u00f3mico, elevaci\u00f3n de la calidad de vida y desarrollo social, sin extinguir los recursos naturales renovables y en procura de cumplir las necesidades del cliente. \u00a0Lo anterior logra preservar el medio ambiente, combatir el cambio clim\u00e1tico, obtener ahorro energ\u00e9tico, generar responsabilidad social, reducir el costo de energ\u00eda y emisiones de CO2[\/vc_column_text]<\/div><\/div><div class=\"sc_accordion_item even\"><h5 class=\"sc_accordion_title\"><span class=\"sc_accordion_icon sc_accordion_icon_closed icon-plus\"><\/span><span class=\"sc_accordion_icon sc_accordion_icon_opened icon-minus\"><\/span>\u00bfEn qu\u00e9 creemos?<\/h5><div class=\"sc_accordion_content\">[vc_column_text]Un pa\u00eds crece si existe un desarrollo social y ambiental en los hogares y empresas. \u00a0Por lo tanto, CICLO ENERG\u00c9TICO busca contribuir, por medio de soluciones estrat\u00e9gicas, usando todas las herramientas que conlleven a la utilizaci\u00f3n de energ\u00edas no convencionales (renovables) para as\u00ed producir progreso y equidad social.[\/vc_column_text]<\/div><\/div><div id=\"sc_accordion_item_1449018981140_4\" class=\"sc_accordion_item odd\"><h5 class=\"sc_accordion_title\"><span class=\"sc_accordion_icon sc_accordion_icon_closed icon-plus\"><\/span><span class=\"sc_accordion_icon sc_accordion_icon_opened icon-minus\"><\/span>\u00bfQu\u00e9 nos diferencia?<\/h5><div class=\"sc_accordion_content\">[vc_column_text]<\/p>\n<ul>\n<li>Compromiso con el medio ambiente.<\/li>\n<li>Contribuci\u00f3n al desarrollo empresarial y social.<\/li>\n<li>Experiencia nacional e internacional.<\/li>\n<li>Alta competitividad en energ\u00edas renovables.<\/li>\n<\/ul>\n<p>[\/vc_column_text]<\/div><\/div><\/div>[vc_empty_space][\/vc_column][\/vc_row][vc_row full_width=&#8221;stretch_row_content_no_spaces&#8221;][vc_column]<div class=\"sc_line sc_line_style_solid\" style=\"margin-top:0px;margin-bottom:0.1em;border-top-style:solid;\"><\/div>[\/vc_column][\/vc_row][vc_row][vc_column]<h3 class=\"sc_title sc_title_regular\" style=\"margin-top:1.05em;margin-bottom:0px;\">Consumo de energ\u00edas renovables en el mundo<\/h3><div class=\"columns_wrap sc_columns columns_nofluid sc_columns_count_4\" style=\"margin-top:1.6em;margin-bottom:1.4em;\"><div class=\"column-3_4 sc_column_item sc_column_item_1 odd first span_3\"><div id=\"sc_skills_diagram_174461291\" class=\"sc_skills sc_skills_bar sc_skills_horizontal\" style=\"margin-top:1em;\" data-type=\"bar\" data-caption=\"Skills\" data-dir=\"horizontal\"><div class=\"sc_skills_info\"><div class=\"sc_skills_label\">Hidroel\u00e9ctrica<\/div><\/div><div class=\"sc_skills_item sc_skills_style_1 odd first\"><div class=\"sc_skills_count\"><\/div><div class=\"sc_skills_total\" data-start=\"0\" data-stop=\"76.5\" data-step=\"1\" data-max=\"100\" data-speed=\"28\" data-duration=\"2142\" data-ed=\"%\">0%<\/div><\/div><div class=\"sc_skills_info\"><div class=\"sc_skills_label\">Biomasa<\/div><\/div><div class=\"sc_skills_item sc_skills_style_1 even\"><div class=\"sc_skills_count\"><\/div><div class=\"sc_skills_total\" data-start=\"0\" data-stop=\"4.7\" data-step=\"1\" data-max=\"100\" data-speed=\"14\" data-duration=\"66\" data-ed=\"%\">0%<\/div><\/div><div class=\"sc_skills_info\"><div class=\"sc_skills_label\">E\u00f3lica<\/div><\/div><div class=\"sc_skills_item sc_skills_style_1 odd\"><div class=\"sc_skills_count\"><\/div><div class=\"sc_skills_total\" data-start=\"0\" data-stop=\"15\" data-step=\"1\" data-max=\"100\" data-speed=\"24\" data-duration=\"360\" data-ed=\"%\">0%<\/div><\/div><div class=\"sc_skills_info\"><div class=\"sc_skills_label\">Geot\u00e9rmica\/Solar<\/div><\/div><div class=\"sc_skills_item sc_skills_style_1 even\"><div class=\"sc_skills_count\"><\/div><div class=\"sc_skills_total\" data-start=\"0\" data-stop=\"3.8\" data-step=\"1\" data-max=\"100\" data-speed=\"18\" data-duration=\"68\" data-ed=\"%\">0%<\/div><\/div><\/div><\/div><div class=\"column-1_4 sc_column_item sc_column_item_4 even after_span_3\"><figure class=\"sc_image  sc_image_shape_square\"><img src=\"https:\/\/www.cicloenergetico.com.co\/wp-content\/uploads\/2015\/08\/banner4.jpg\" alt=\"\" \/><\/figure><\/div><\/div>[\/vc_column][\/vc_row][vc_row full_width=&#8221;stretch_row_content_no_spaces&#8221;][vc_column]<div class=\"sc_line sc_line_style_solid\" style=\"margin-top:3.45em;margin-bottom:0px;border-top-style:solid;\"><\/div>[\/vc_column][\/vc_row]<\/p>\n","protected":false},"excerpt":{"rendered":"<p>[vc_row full_width=&#8221;stretch_row&#8221;][vc_column][\/vc_column][\/vc_row][vc_row full_width=&#8221;stretch_row_content_no_spaces&#8221;][vc_column][\/vc_column][\/vc_row][vc_row][\/vc_row][vc_row full_width=&#8221;stretch_row_content_no_spaces&#8221;][vc_column][\/vc_column][\/vc_row][vc_row][vc_column][vc_empty_space][\/vc_column][\/vc_row][vc_row full_width=&#8221;stretch_row_content_no_spaces&#8221;][vc_column][\/vc_column][\/vc_row][vc_row][vc_column][\/vc_column][\/vc_row][vc_row full_width=&#8221;stretch_row_content_no_spaces&#8221;][vc_column][\/vc_column][\/vc_row]<\/p>\n","protected":false},"author":1,"featured_media":0,"parent":0,"menu_order":0,"comment_status":"closed","ping_status":"closed","template":"","meta":[],"_links":{"self":[{"href":"https:\/\/www.cicloenergetico.com.co\/index.php?rest_route=\/wp\/v2\/pages\/6"}],"collection":[{"href":"https:\/\/www.cicloenergetico.com.co\/index.php?rest_route=\/wp\/v2\/pages"}],"about":[{"href":"https:\/\/www.cicloenergetico.com.co\/index.php?rest_route=\/wp\/v2\/types\/page"}],"author":[{"embeddable":true,"href":"https:\/\/www.cicloenergetico.com.co\/index.php?rest_route=\/wp\/v2\/users\/1"}],"replies":[{"embeddable":true,"href":"https:\/\/www.cicloenergetico.com.co\/index.php?rest_route=%2Fwp%2Fv2%2Fcomments&post=6"}],"version-history":[{"count":38,"href":"https:\/\/www.cicloenergetico.com.co\/index.php?rest_route=\/wp\/v2\/pages\/6\/revisions"}],"predecessor-version":[{"id":1280,"href":"https:\/\/www.cicloenergetico.com.co\/index.php?rest_route=\/wp\/v2\/pages\/6\/revisions\/1280"}],"wp:attachment":[{"href":"https:\/\/www.cicloenergetico.com.co\/index.php?rest_route=%2Fwp%2Fv2%2Fmedia&parent=6"}],"curies":[{"name":"wp","href":"https:\/\/api.w.org\/{rel}","templated":true}]}}