{"id":212,"date":"2015-08-25T14:36:28","date_gmt":"2015-08-25T14:36:28","guid":{"rendered":"http:\/\/ecoenergy.ancorathemes.com\/?page_id=212"},"modified":"2020-03-13T13:28:03","modified_gmt":"2020-03-13T18:28:03","slug":"212-2","status":"publish","type":"page","link":"https:\/\/www.cicloenergetico.com.co\/?page_id=212","title":{"rendered":"Nosotros"},"content":{"rendered":"<p>[vc_row][vc_column css=&#8221;.vc_custom_1449183839567{padding-top: 50px !important;}&#8221;]<div class=\"columns_wrap sc_columns columns_nofluid sc_columns_count_2\"><div class=\"column-1_2 sc_column_item sc_column_item_1 odd first\"><h3 class=\"sc_title sc_title_regular\" style=\"margin-top:0.1em;margin-bottom:0.6em;\">Por qu\u00e9 escogernos<\/h3><div class=\"sc_section\"><div class=\"sc_section_inner\"><span class=\"sc_icon icon-leaf sc_icon_shape_round alignleft round_icon\" style=\"font-size:2.307em; line-height: 1.2em;color:#8dc63f;\"><\/span><div class=\"sc_section pr2\" style=\"margin-left:8.1em !important;\"><div class=\"sc_section_inner\"><h5 class=\"sc_title sc_title_regular\" style=\"margin-top:0.25em;margin-bottom:0.55em;font-size:1.23em;\">La Eco Energ\u00eda es confiable<\/h5>[vc_column_text]Nuestra compa\u00f1\u00eda es una empresa de energ\u00eda alternativa, centrada en la comercializaci\u00f3n, asesor\u00eda e instalaci\u00f3n de equipos generadores de energ\u00eda a partir del sol. Proporcionamos energ\u00eda solar de calidad para hogares y negocios.[\/vc_column_text]<\/div><\/div><\/div><\/div><div class=\"sc_line sc_line_style_solid\" style=\"margin-top:1.75em;margin-bottom:1.75em;border-top-style:solid;\"><\/div><div class=\"sc_section\"><div class=\"sc_section_inner\"><span class=\"sc_icon icon-sun sc_icon_shape_round alignleft round_icon\" style=\"font-size:2.307em; line-height: 1.2em;color:#8dc63f;\"><\/span><div class=\"sc_section pr2\" style=\"margin-left:8.1em !important;\"><div class=\"sc_section_inner\"><h5 class=\"sc_title sc_title_regular\" style=\"margin-top:0.25em;margin-bottom:0.55em;font-size:1.23em;\">La Eco Energ\u00eda es f\u00e1cil<\/h5>[vc_column_text]Usted no necesita cambiar su proveedor de electricidad o contrato de electricidad existente y seguir\u00e1 teniendo la misma confiabilidad del suministro. \u00danase al creciente n\u00famero de hogares y empresas que est\u00e1n ayudando a apoyar a nuestro sector de la energ\u00eda renovable y est\u00e1n reduciendo su impacto en el medio ambiente.[\/vc_column_text]<\/div><\/div><\/div><\/div><\/div><div class=\"column-1_2 sc_column_item sc_column_item_2 even\">[ess_grid alias=&#8221;NostrosGrid&#8221;]<\/div><\/div>[\/vc_column][\/vc_row][vc_row full_width=&#8221;stretch_row_content_no_spaces&#8221;][vc_column]<div class=\"sc_line sc_line_style_solid\" style=\"margin-top:4.3em;border-top-style:solid;\"><\/div>[\/vc_column][\/vc_row][vc_row full_width=&#8221;stretch_row&#8221; css=&#8221;.vc_custom_1440507834901{background-image: url(http:\/\/cicloenergetico.com.co\/co\/wp-content\/uploads\/2015\/08\/testimonials_big2.jpg?id=210) !important;}&#8221;]<div class=\"sc_content content_wrap\" style=\"margin-top:4.9em !important;margin-bottom:3.9em !important;\"><div id=\"sc_testimonials_1362891585\" class=\"sc_testimonials sc_testimonials_style_testimonials-1  sc_slider_swiper swiper-slider-container sc_slider_nopagination sc_slider_controls sc_slider_controls_side\" data-interval=\"9571\"><div class=\"slides swiper-wrapper\"><div class=\"swiper-slide\" data-style=\"width:100%;\" style=\"width:100%;\">\t\t\t<div id=\"sc_testimonials_1362891585_1\" class=\"sc_testimonial_item\">\n\t\t\t\t<div class=\"sc_testimonial_content\"><p>Alta competitividad en energ\u00edas renovables<\/p><\/div>\n\t\t\t\t\t\t\t\t\t\t\t\t<div class=\"sc_testimonial_author\"><span class=\"sc_testimonial_author_name\">Qu\u00e9 nos diferencia<\/span><\/div>\n\t\t\t\t\t\t\t<\/div>\n\t\t<\/div><div class=\"swiper-slide\" data-style=\"width:100%;\" style=\"width:100%;\">\t\t\t<div id=\"sc_testimonials_1362891585_2\" class=\"sc_testimonial_item\">\n\t\t\t\t<div class=\"sc_testimonial_content\"><p>Experiencia nacional e internacional<\/p><\/div>\n\t\t\t\t\t\t\t\t\t\t\t\t<div class=\"sc_testimonial_author\"><span class=\"sc_testimonial_author_name\">Qu\u00e9 nos diferencia<\/span><\/div>\n\t\t\t\t\t\t\t<\/div>\n\t\t<\/div><div class=\"swiper-slide\" data-style=\"width:100%;\" style=\"width:100%;\">\t\t\t<div id=\"sc_testimonials_1362891585_3\" class=\"sc_testimonial_item\">\n\t\t\t\t<div class=\"sc_testimonial_content\"><p>Contribuci\u00f3n al desarrollo empresarial y social<\/p><\/div>\n\t\t\t\t\t\t\t\t\t\t\t\t<div class=\"sc_testimonial_author\"><span class=\"sc_testimonial_author_name\">Qu\u00e9 nos diferencia<\/span><\/div>\n\t\t\t\t\t\t\t<\/div>\n\t\t<\/div><div class=\"swiper-slide\" data-style=\"width:100%;\" style=\"width:100%;\">\t\t\t<div id=\"sc_testimonials_1362891585_4\" class=\"sc_testimonial_item\">\n\t\t\t\t<div class=\"sc_testimonial_content\"><p>Compromiso con el medio ambiente<\/p><\/div>\n\t\t\t\t\t\t\t\t\t\t\t\t<div class=\"sc_testimonial_author\"><span class=\"sc_testimonial_author_name\">Qu\u00e9 nos diferencia<\/span><\/div>\n\t\t\t\t\t\t\t<\/div>\n\t\t<\/div><\/div><div class=\"sc_slider_controls_wrap\"><a class=\"sc_slider_prev\" href=\"#\"><\/a><a class=\"sc_slider_next\" href=\"#\"><\/a><\/div><div class=\"sc_slider_pagination_wrap\"><\/div><\/div><\/div>[\/vc_row][vc_row css=&#8221;.vc_custom_1449188091871{padding-bottom: 50px !important;}&#8221;][vc_column]<h3 class=\"sc_title sc_title_regular\" style=\"margin-top:1.55em;margin-bottom:1em;\">Qui\u00e9nes somos<\/h3><div class=\"columns_wrap sc_columns columns_nofluid sc_columns_count_6\"><div class=\"column-1_6 sc_column_item sc_column_item_1 odd first\"><span class=\"sc_icon icon-users sc_icon_shape_round alignleft round_icon\" style=\"font-size:2.307em; line-height: 1.2em;color:#8dc63f;\"><\/span><\/div><div class=\"column-5_6 sc_column_item sc_column_item_2 even span_5\"><h6 class=\"sc_title sc_title_regular sc_align_left\" style=\"text-align:left;\">Somos una compa\u00f1\u00eda con 4 a\u00f1os de trayectoria, certificada por el ANLA para la importaci\u00f3n de equipos de eficiencia energ\u00e9tica. &nbsp;Brindamos la mejor asesor\u00eda, montaje y dise\u00f1o de energ\u00edas renovables, permitiendo la recuperaci\u00f3n de esa energ\u00eda para su aprovechamiento en la empresa y el hogar.<\/h6><\/div><\/div>[\/vc_column][\/vc_row][vc_row full_width=&#8221;stretch_row_content_no_spaces&#8221;][vc_column el_class=&#8221;accent1_bg bg_none&#8221; css=&#8221;.vc_custom_1441374231933{background-image: url(http:\/\/cicloenergetico.com.co\/co\/wp-content\/uploads\/2015\/08\/green_bg2.jpg?id=238) !important;}&#8221;]<div class=\"sc_content content_wrap\"><div class=\"columns_wrap sc_columns columns_nofluid sc_columns_count_4\" style=\"margin-top:4.5em;margin-bottom:1.4em;\"><div class=\"column-1_4 sc_column_item sc_column_item_1 odd first\" style=\"text-align:center;\"><span class=\"sc_icon icon-globe\" style=\"font-size:3.1em; line-height: 1em;color:#ffffff;\"><\/span><h2 class=\"sc_title sc_title_underline\" style=\"margin-top:0.3em;margin-bottom:0.55em;color:#ffffff;\">87%<\/h2><h5 class=\"sc_title sc_title_regular\" style=\"color:#ffffff;font-weight:400;font-size:1.384em;\">de la electricidad a\u00fan proviene de combustibles f\u00f3siles<\/h5><\/div><div class=\"column-1_4 sc_column_item sc_column_item_2 even\" style=\"text-align:center;\"><span class=\"sc_icon icon-pagelines\" style=\"font-size:3em; line-height: 1em;color:#ffffff;\"><\/span><h2 class=\"sc_title sc_title_underline\" style=\"margin-top:0.3em;margin-bottom:0.55em;color:#ffffff;\">13%<\/h2><h5 class=\"sc_title sc_title_regular\" style=\"color:#ffffff;font-weight:400;font-size:1.384em;\">de la electricidad se genera a partir de fuentes de energ\u00eda renovable<\/h5><\/div><div class=\"column-1_4 sc_column_item sc_column_item_3 odd\" style=\"text-align:center;\"><span class=\"sc_icon icon-cloud-light\" style=\"font-size:3em; line-height: 1em;color:#ffffff;\"><\/span><h2 class=\"sc_title sc_title_underline\" style=\"margin-top:0.3em;margin-bottom:0.55em;color:#ffffff;\">29000+<\/h2><h5 class=\"sc_title sc_title_regular\" style=\"color:#ffffff;font-weight:400;font-size:1.384em;\">millones de toneladas de CO2 se liberan al a\u00f1o por energ\u00edas sucias<\/h5><\/div><div class=\"column-1_4 sc_column_item sc_column_item_4 even\" style=\"text-align:center;\"><span class=\"sc_icon icon-lightbulb-light\" style=\"font-size:3em; line-height: 1em;color:#ffffff;\"><\/span><h2 class=\"sc_title sc_title_underline\" style=\"margin-top:0.3em;margin-bottom:0.55em;color:#ffffff;\">36000+<\/h2><h5 class=\"sc_title sc_title_regular\" style=\"color:#ffffff;font-weight:400;font-size:1.384em;\">m\u00e1s de 36000&nbsp;megavatios de energ\u00eda a nivel mundial, provienen de fuentes renovables<\/h5><\/div><\/div><\/div>[\/vc_column][\/vc_row][vc_row][vc_column css=&#8221;.vc_custom_1449190677176{padding-top: 50px !important;padding-bottom: 50px !important;}&#8221;]<div class=\"sc_accordion sc_accordion_style_2\" data-active=\"0\"><div class=\"sc_accordion_item odd first\"><h5 class=\"sc_accordion_title\"><span class=\"sc_accordion_icon sc_accordion_icon_closed icon-plus\"><\/span><span class=\"sc_accordion_icon sc_accordion_icon_opened icon-minus\"><\/span>Misi\u00f3n<\/h5><div class=\"sc_accordion_content\">[vc_column_text]Proporcionar el mejor servicio, asesor\u00eda y dise\u00f1o con medidas de calidad mundial, de acuerdo a las necesidades de cada cliente, con los mejores profesionales y con el compromiso de contribuir a la calidad y disminuci\u00f3n del costo energ\u00e9tico.[\/vc_column_text]<\/div><\/div><div class=\"sc_accordion_item even\"><h5 class=\"sc_accordion_title\"><span class=\"sc_accordion_icon sc_accordion_icon_closed icon-plus\"><\/span><span class=\"sc_accordion_icon sc_accordion_icon_opened icon-minus\"><\/span>Visi\u00f3n<\/h5><div class=\"sc_accordion_content\">[vc_column_text]Ser la empresa l\u00edder, con la m\u00e1s alta calidad y experiencia en tecnolog\u00edas de energ\u00edas renovables de Sudam\u00e9rica, con los m\u00e1s altos est\u00e1ndares de calidad e innovaci\u00f3n para sus clientes, protegiendo, cuidando y ayudando al medio ambiente para el futuro de nuestras generaciones.[\/vc_column_text]<\/div><\/div><div id=\"sc_accordion_item_1449190557622_3\" class=\"sc_accordion_item odd\"><h5 class=\"sc_accordion_title\"><span class=\"sc_accordion_icon sc_accordion_icon_closed icon-plus\"><\/span><span class=\"sc_accordion_icon sc_accordion_icon_opened icon-minus\"><\/span>Valores corporativos<\/h5><div class=\"sc_accordion_content\">[vc_column_text]<\/p>\n<ul>\n<li>Responsabilidad<\/li>\n<li>Servicio<\/li>\n<li>Calidad empresarial<\/li>\n<\/ul>\n<p>[\/vc_column_text]<\/div><\/div><\/div>[\/vc_column][\/vc_row]<\/p>\n","protected":false},"excerpt":{"rendered":"<p>[vc_row][vc_column css=&#8221;.vc_custom_1449183839567{padding-top: 50px !important;}&#8221;][\/vc_column][\/vc_row][vc_row full_width=&#8221;stretch_row_content_no_spaces&#8221;][vc_column][\/vc_column][\/vc_row][vc_row full_width=&#8221;stretch_row&#8221; css=&#8221;.vc_custom_1440507834901{background-image: url(http:\/\/cicloenergetico.com.co\/co\/wp-content\/uploads\/2015\/08\/testimonials_big2.jpg?id=210) !important;}&#8221;][\/vc_row][vc_row css=&#8221;.vc_custom_1449188091871{padding-bottom: 50px !important;}&#8221;][vc_column][\/vc_column][\/vc_row][vc_row full_width=&#8221;stretch_row_content_no_spaces&#8221;][vc_column el_class=&#8221;accent1_bg bg_none&#8221; css=&#8221;.vc_custom_1441374231933{background-image: url(http:\/\/cicloenergetico.com.co\/co\/wp-content\/uploads\/2015\/08\/green_bg2.jpg?id=238) !important;}&#8221;][\/vc_column][\/vc_row][vc_row][vc_column css=&#8221;.vc_custom_1449190677176{padding-top: 50px !important;padding-bottom: 50px !important;}&#8221;][\/vc_column][\/vc_row]<\/p>\n","protected":false},"author":1,"featured_media":0,"parent":0,"menu_order":0,"comment_status":"closed","ping_status":"closed","template":"","meta":[],"_links":{"self":[{"href":"https:\/\/www.cicloenergetico.com.co\/index.php?rest_route=\/wp\/v2\/pages\/212"}],"collection":[{"href":"https:\/\/www.cicloenergetico.com.co\/index.php?rest_route=\/wp\/v2\/pages"}],"about":[{"href":"https:\/\/www.cicloenergetico.com.co\/index.php?rest_route=\/wp\/v2\/types\/page"}],"author":[{"embeddable":true,"href":"https:\/\/www.cicloenergetico.com.co\/index.php?rest_route=\/wp\/v2\/users\/1"}],"replies":[{"embeddable":true,"href":"https:\/\/www.cicloenergetico.com.co\/index.php?rest_route=%2Fwp%2Fv2%2Fcomments&post=212"}],"version-history":[{"count":39,"href":"https:\/\/www.cicloenergetico.com.co\/index.php?rest_route=\/wp\/v2\/pages\/212\/revisions"}],"predecessor-version":[{"id":1151,"href":"https:\/\/www.cicloenergetico.com.co\/index.php?rest_route=\/wp\/v2\/pages\/212\/revisions\/1151"}],"wp:attachment":[{"href":"https:\/\/www.cicloenergetico.com.co\/index.php?rest_route=%2Fwp%2Fv2%2Fmedia&parent=212"}],"curies":[{"name":"wp","href":"https:\/\/api.w.org\/{rel}","templated":true}]}}